{"id":2962,"date":"2023-09-18T06:54:09","date_gmt":"2023-09-18T04:54:09","guid":{"rendered":"https:\/\/loype.compsaonline.com\/contacto\/"},"modified":"2026-03-02T10:37:58","modified_gmt":"2026-03-02T09:37:58","slug":"contacto","status":"publish","type":"page","link":"https:\/\/vulcanizadosloype.com\/es\/contacto\/","title":{"rendered":"Contacto"},"content":{"rendered":"<p><div class=\"fusion-fullwidth fullwidth-box fusion-builder-row-1 fusion-flex-container has-pattern-background has-mask-background nonhundred-percent-fullwidth non-hundred-percent-height-scrolling\" style=\"--awb-border-radius-top-left:0px;--awb-border-radius-top-right:0px;--awb-border-radius-bottom-right:0px;--awb-border-radius-bottom-left:0px;--awb-padding-right:0px;--awb-padding-left:0px;\" ><div class=\"fusion-builder-row fusion-row fusion-flex-align-items-flex-start\" style=\"max-width:1300px;margin-left: calc(-4% \/ 2 );margin-right: calc(-4% \/ 2 );\"><div class=\"fusion-layout-column fusion_builder_column fusion-builder-column-0 fusion_builder_column_1_1 1_1 fusion-flex-column mass-intro fusion-animated\" style=\"--awb-padding-right:15%;--awb-padding-left:15%;--awb-padding-right-medium:60px;--awb-padding-left-medium:60px;--awb-padding-right-small:40px;--awb-padding-left-small:40px;--awb-bg-blend:overlay;--awb-bg-size:cover;--awb-width-large:100%;--awb-margin-top-large:42px;--awb-spacing-right-large:1.92%;--awb-margin-bottom-large:20px;--awb-spacing-left-large:1.92%;--awb-width-medium:100%;--awb-spacing-right-medium:1.92%;--awb-margin-bottom-medium:0px;--awb-spacing-left-medium:1.92%;--awb-width-small:100%;--awb-spacing-right-small:1.92%;--awb-spacing-left-small:1.92%;\" data-animationType=\"fadeInUp\" data-animationDuration=\"1.5\" data-animationOffset=\"top-into-view\"><div class=\"fusion-column-wrapper fusion-flex-justify-content-flex-start fusion-content-layout-column\"><div class=\"fusion-title title fusion-title-1 fusion-no-small-visibility fusion-sep-none fusion-title-center fusion-title-text fusion-title-size-two\" style=\"--awb-text-color:#efefef;--awb-margin-bottom:-65px;--awb-margin-bottom-small:10px;--awb-font-size:70px;\"><h2 class=\"title-heading-center fusion-responsive-typography-calculated\" style=\"font-family:&quot;Raleway&quot;;font-style:normal;font-weight:600;margin:0;font-size:1em;text-transform:capitalize;--fontSize:70;line-height:1.3;\">CONTACTO<\/h2><\/div><div class=\"fusion-title title fusion-title-2 fusion-sep-none fusion-title-center fusion-title-text fusion-title-size-two fusion-animated\" style=\"--awb-margin-bottom-small:10px;--awb-font-size:35px;\" data-animationType=\"fadeInLeft\" data-animationDuration=\"1.5\" data-animationOffset=\"top-into-view\"><h2 class=\"title-heading-center fusion-responsive-typography-calculated\" style=\"font-family:&quot;Raleway&quot;;font-style:normal;font-weight:500;margin:0;font-size:1em;text-transform:capitalize;--fontSize:35;line-height:1.3;\">CONTACTO<\/h2><\/div><div class=\"fusion-separator\" style=\"align-self: center;margin-left: auto;margin-right: auto;margin-top:0px;margin-bottom:30px;width:100%;max-width:206px;\"><div class=\"fusion-separator-border sep-single sep-solid\" style=\"--awb-height:20px;--awb-amount:20px;--awb-sep-color:var(--awb-color5);border-color:var(--awb-color5);border-top-width:2px;\"><\/div><\/div><div class=\"fusion-text fusion-text-1\" style=\"--awb-content-alignment:center;\"><p>Estamos aqu\u00ed para responder a tus preguntas, ofrecer m\u00e1s informaci\u00f3n sobre nuestros servicios y colaborar contigo en tus proyectos industriales. No dudes en contactarnos a trav\u00e9s de los siguientes medios:<\/p>\n<\/div><\/div><\/div><div class=\"fusion-layout-column fusion_builder_column fusion-builder-column-1 fusion_builder_column_1_3 1_3 fusion-flex-column fusion-animated\" style=\"--awb-bg-size:cover;--awb-width-large:33.333333333333%;--awb-margin-top-large:0px;--awb-spacing-right-large:5.76%;--awb-margin-bottom-large:0px;--awb-spacing-left-large:5.76%;--awb-width-medium:100%;--awb-order-medium:0;--awb-spacing-right-medium:1.92%;--awb-spacing-left-medium:1.92%;--awb-width-small:100%;--awb-order-small:0;--awb-spacing-right-small:1.92%;--awb-spacing-left-small:1.92%;\" data-animationType=\"fadeInLeft\" data-animationDuration=\"1.5\" data-animationDelay=\"0.2\" data-animationOffset=\"top-into-view\"><div class=\"fusion-column-wrapper fusion-column-has-shadow fusion-flex-justify-content-flex-start fusion-content-layout-column\"><ul style=\"--awb-iconcolor:var(--awb-color5);--awb-textcolor:#000000;--awb-line-height:23.8px;--awb-icon-width:23.8px;--awb-icon-height:23.8px;--awb-icon-margin:9.8px;--awb-content-margin:33.6px;\" class=\"fusion-checklist fusion-checklist-1 fusion-checklist-default type-icons\"><li class=\"fusion-li-item\" style=\"\"><span class=\"icon-wrapper circle-no\"><i class=\"fusion-li-icon fa-map-marker-alt fas\" aria-hidden=\"true\"><\/i><\/span><div class=\"fusion-li-item-content\">\n<p><strong>TALLERES I OFICINAS<\/strong><br \/>\nC\/Rafael de Casanoves, 11<br \/>\n25617 Hostal-Nou (Vallfogona de Balaguer)<\/p>\n<\/div><\/li><li class=\"fusion-li-item\" style=\"\"><span class=\"icon-wrapper circle-no\"><i class=\"fusion-li-icon fa-map-marker-alt fas\" aria-hidden=\"true\"><\/i><\/span><div class=\"fusion-li-item-content\">\n<p><strong>ALMAC\u00c9N<\/strong><br \/>\nC\/Pompeu Fabra n\u00ba1<br \/>\n25617 Vallfogona de Balaguer<\/p>\n<\/div><\/li><li class=\"fusion-li-item\" style=\"\"><span class=\"icon-wrapper circle-no\"><i class=\"fusion-li-icon fa-map-marker-alt fas\" aria-hidden=\"true\"><\/i><\/span><div class=\"fusion-li-item-content\"><strong>ALMAC\u00c9N 2<\/strong><br \/>\nC\/Bellmunt n\u00ba3<br \/>\n25600 Balaguer<\/div><\/li><li class=\"fusion-li-item\" style=\"\"><span class=\"icon-wrapper circle-no\"><i class=\"fusion-li-icon fa-phone-alt fas\" aria-hidden=\"true\"><\/i><\/span><div class=\"fusion-li-item-content\"><a href=\"tel:973108270\">973 108 270<\/a><\/div><\/li><li class=\"fusion-li-item\" style=\"\"><span class=\"icon-wrapper circle-no\"><i class=\"fusion-li-icon icon-whatsapp-phone\" aria-hidden=\"true\"><\/i><\/span><div class=\"fusion-li-item-content\">\n<p><a href=\"tel:600742461\">600 742 461<\/a><\/p>\n<\/div><\/li><li class=\"fusion-li-item\" style=\"\"><span class=\"icon-wrapper circle-no\"><i class=\"fusion-li-icon fa-envelope fas\" aria-hidden=\"true\"><\/i><\/span><div class=\"fusion-li-item-content\">\n<p><a href=\"mailto:vulcanitzatsgruploype@vulcanitzatsgruploype.com\">vulcanitzatsgruploype@vulcanitzatsgruploype.com<\/a><\/p>\n<\/div><\/li><\/ul><\/div><\/div><div class=\"fusion-layout-column fusion_builder_column fusion-builder-column-2 fusion_builder_column_2_3 2_3 fusion-flex-column fusion-animated\" style=\"--awb-bg-size:cover;--awb-width-large:66.666666666667%;--awb-margin-top-large:0px;--awb-spacing-right-large:2.88%;--awb-margin-bottom-large:0px;--awb-spacing-left-large:2.88%;--awb-width-medium:100%;--awb-order-medium:0;--awb-spacing-right-medium:1.92%;--awb-spacing-left-medium:1.92%;--awb-width-small:100%;--awb-order-small:0;--awb-spacing-right-small:1.92%;--awb-spacing-left-small:1.92%;\" data-animationType=\"fadeInRight\" data-animationDuration=\"1.5\" data-animationDelay=\"0.2\" data-animationOffset=\"top-into-view\"><div class=\"fusion-column-wrapper fusion-column-has-shadow fusion-flex-justify-content-flex-start fusion-content-layout-column\">\n<div class=\"wpcf7 no-js\" id=\"wpcf7-f3056-o1\" lang=\"es-ES\" dir=\"ltr\">\n<div class=\"screen-reader-response\"><p role=\"status\" aria-live=\"polite\" aria-atomic=\"true\"><\/p> <ul><\/ul><\/div>\n<form action=\"\/es\/wp-json\/wp\/v2\/pages\/2962#wpcf7-f3056-o1\" method=\"post\" class=\"wpcf7-form init\" aria-label=\"Formulario de contacto\" novalidate=\"novalidate\" data-status=\"init\">\n<div style=\"display: none;\">\n<input type=\"hidden\" name=\"_wpcf7\" value=\"3056\" \/>\n<input type=\"hidden\" name=\"_wpcf7_version\" value=\"5.8.1\" \/>\n<input type=\"hidden\" name=\"_wpcf7_locale\" value=\"es_ES\" \/>\n<input type=\"hidden\" name=\"_wpcf7_unit_tag\" value=\"wpcf7-f3056-o1\" \/>\n<input type=\"hidden\" name=\"_wpcf7_container_post\" value=\"0\" \/>\n<input type=\"hidden\" name=\"_wpcf7_posted_data_hash\" value=\"\" \/>\n<input type=\"hidden\" name=\"_wpcf7_recaptcha_response\" value=\"\" \/>\n<\/div>\n<div style=\"display:flex\">\n\t<div style=\"width:49%;margin-right:10px;\">\n\t\t<p><label> Nombre y apellido<br \/>\n<span class=\"wpcf7-form-control-wrap\" data-name=\"your-name\"><input size=\"40\" class=\"wpcf7-form-control wpcf7-text wpcf7-validates-as-required\" aria-required=\"true\" aria-invalid=\"false\" value=\"\" type=\"text\" name=\"your-name\" \/><\/span> <\/label>\n\t\t<\/p>\n\t<\/div>\n\t<div style=\"width:49%;margin-left:10px;\">\n\t\t<p><label> Asunto<br \/>\n<span class=\"wpcf7-form-control-wrap\" data-name=\"your-subject\"><input size=\"40\" class=\"wpcf7-form-control wpcf7-text wpcf7-validates-as-required\" aria-required=\"true\" aria-invalid=\"false\" value=\"\" type=\"text\" name=\"your-subject\" \/><\/span> <\/label>\n\t\t<\/p>\n\t<\/div>\n<\/div>\n<div style=\"display:flex\">\n\t<div style=\"width:49%;margin-right:10px;\">\n\t\t<p><label> Direcci\u00f3n electr\u00f3nica<br \/>\n<span class=\"wpcf7-form-control-wrap\" data-name=\"your-email\"><input size=\"40\" class=\"wpcf7-form-control wpcf7-email wpcf7-validates-as-required wpcf7-text wpcf7-validates-as-email\" aria-required=\"true\" aria-invalid=\"false\" value=\"\" type=\"email\" name=\"your-email\" \/><\/span> <\/label>\n\t\t<\/p>\n\t<\/div>\n\t<div style=\"width:49%;margin-left:10px;\">\n\t\t<p><label> Tel\u00e9fono<br \/>\n<span class=\"wpcf7-form-control-wrap\" data-name=\"tel-250\"><input size=\"40\" class=\"wpcf7-form-control wpcf7-tel wpcf7-validates-as-required wpcf7-text wpcf7-validates-as-tel\" aria-required=\"true\" aria-invalid=\"false\" value=\"\" type=\"tel\" name=\"tel-250\" \/><\/span> <\/label>\n\t\t<\/p>\n\t<\/div>\n<\/div>\n<div style=\"display:flex\">\n\t<div style=\"width:49%;margin-right:10px;\">\n\t\t<p><label> \u00bfPor qu\u00e9 quieres contactar con nosotros?<br \/>\n<span class=\"wpcf7-form-control-wrap\" data-name=\"menu-26\"><select class=\"wpcf7-form-control wpcf7-select wpcf7-validates-as-required\" aria-required=\"true\" aria-invalid=\"false\" name=\"menu-26\"><option value=\"Contractar servei\">Contractar servei<\/option><option value=\"Dubtes\">Dubtes<\/option><option value=\"Informaci\u00f3\">Informaci\u00f3<\/option><\/select><\/span> <\/label>\n\t\t<\/p>\n\t<\/div>\n\t<div style=\"width:49%;margin-left:10px;\">\n\t\t<p><label> \u00bfQu\u00e9 servicio? <span style=\"font-size:10px;font-style:italic;\">(S\u00f3lo si has escogido contratar servicio)<\/span><br \/>\n<span class=\"wpcf7-form-control-wrap\" data-name=\"menu-447\"><select class=\"wpcf7-form-control wpcf7-select wpcf7-validates-as-required\" aria-required=\"true\" aria-invalid=\"false\" name=\"menu-447\"><option value=\"-\">-<\/option><option value=\"Montatge i reparaci\u00f3 de cintes\">Montatge i reparaci\u00f3 de cintes<\/option><option value=\"Manteniments preventius\">Manteniments preventius<\/option><option value=\"Rodets a mida\">Rodets a mida<\/option><option value=\"Estructures a mida\">Estructures a mida<\/option><option value=\"Mec\u00e0nica industrial\">Mec\u00e0nica industrial<\/option><option value=\"Tambors\">Tambors<\/option><\/select><\/span> <\/label>\n\t\t<\/p>\n\t<\/div>\n<\/div>\n<p><label> Mensaje<br \/>\n<span class=\"wpcf7-form-control-wrap\" data-name=\"your-message\"><textarea cols=\"40\" rows=\"10\" class=\"wpcf7-form-control wpcf7-textarea\" aria-invalid=\"false\" name=\"your-message\"><\/textarea><\/span> <\/label>\n<\/p>\n<p><span class=\"wpcf7-form-control-wrap\" data-name=\"acceptance-901\"><span class=\"wpcf7-form-control wpcf7-acceptance\"><span class=\"wpcf7-list-item\"><input type=\"checkbox\" name=\"acceptance-901\" value=\"1\" aria-invalid=\"false\" \/><\/span><\/span><\/span> He le\u00eddo y acepto la <a href=\"https:\/\/vulcanizadosloype.com\/es\/politica-de-privacidad\/\">Pol\u00edtica de Privacidad<\/a>\n<\/p>\n<p><input class=\"wpcf7-form-control wpcf7-submit has-spinner\" type=\"submit\" value=\"Enviar\" \/>\n<\/p><div class=\"fusion-alert alert custom alert-custom fusion-alert-center wpcf7-response-output alert-dismissable\" style=\"--awb-border-size:1px;\" role=\"alert\"><div class=\"fusion-alert-content-wrapper\"><span class=\"fusion-alert-content\"><\/span><\/div><button type=\"button\" class=\"close toggle-alert\" data-dismiss=\"alert\" aria-label=\"Close\">&times;<\/button><\/div>\n<\/form>\n<\/div>\n<\/div><\/div><\/div><\/div><div class=\"fusion-fullwidth fullwidth-box fusion-builder-row-2 fusion-flex-container has-pattern-background has-mask-background hundred-percent-fullwidth non-hundred-percent-height-scrolling fusion-animated\" style=\"--awb-border-radius-top-left:0px;--awb-border-radius-top-right:0px;--awb-border-radius-bottom-right:0px;--awb-border-radius-bottom-left:0px;--awb-padding-top:100px;--awb-padding-right:0px;--awb-padding-left:0px;\" data-animationType=\"fadeIn\" data-animationDuration=\"2.0\" data-animationOffset=\"top-into-view\" ><div class=\"fusion-builder-row fusion-row fusion-flex-align-items-flex-start\" style=\"width:104% !important;max-width:104% !important;margin-left: calc(-4% \/ 2 );margin-right: calc(-4% \/ 2 );\"><div class=\"fusion-layout-column fusion_builder_column fusion-builder-column-3 fusion_builder_column_1_1 1_1 fusion-flex-column\" style=\"--awb-bg-size:cover;--awb-width-large:100%;--awb-margin-top-large:0px;--awb-spacing-right-large:1.92%;--awb-margin-bottom-large:0px;--awb-spacing-left-large:1.92%;--awb-width-medium:100%;--awb-order-medium:0;--awb-spacing-right-medium:1.92%;--awb-spacing-left-medium:1.92%;--awb-width-small:100%;--awb-order-small:0;--awb-spacing-right-small:1.92%;--awb-spacing-left-small:1.92%;\"><div class=\"fusion-column-wrapper fusion-column-has-shadow fusion-flex-justify-content-flex-start fusion-content-layout-column\"><div class=\"fusion-text fusion-text-2\"><p><iframe class=\"lazyload\" src=\"data:image\/svg+xml,%3Csvg%20xmlns%3D%27http%3A%2F%2Fwww.w3.org%2F2000%2Fsvg%27%20width%3D%27100%27%20height%3D%27450%27%20viewBox%3D%270%200%20100%20450%27%3E%3Crect%20width%3D%27100%27%20height%3D%27450%27%20fill-opacity%3D%220%22%2F%3E%3C%2Fsvg%3E\" data-orig-src=\"https:\/\/www.google.com\/maps\/embed?pb=!1m13!1m8!1m3!1d5949.465770185798!2d0.8218600000000001!3d41.79097!3m2!1i1024!2i768!4f13.1!3m2!1m1!2zNDHCsDQ3JzI3LjUiTiAwwrA0OScxOC43IkU!5e0!3m2!1ses!2sus!4v1708434870585!5m2!1ses!2sus\" width=\"100%\" height=\"450\" style=\"border:0;\" allowfullscreen=\"\" loading=\"lazy\" referrerpolicy=\"no-referrer-when-downgrade\"><\/iframe><\/p>\n<\/div><\/div><\/div><\/div><\/div><\/p>\n","protected":false},"excerpt":{"rendered":"","protected":false},"author":1,"featured_media":0,"parent":0,"menu_order":0,"comment_status":"closed","ping_status":"closed","template":"100-width.php","meta":{"footnotes":""},"class_list":["post-2962","page","type-page","status-publish","hentry"],"yoast_head":"<!-- This site is optimized with the Yoast SEO plugin v21.3 - https:\/\/yoast.com\/wordpress\/plugins\/seo\/ -->\n<title>Contacto - Vulcanitzats Loype<\/title>\n<meta name=\"robots\" content=\"index, follow, max-snippet:-1, max-image-preview:large, max-video-preview:-1\" \/>\n<link rel=\"canonical\" href=\"https:\/\/vulcanizadosloype.com\/es\/contacto\/\" \/>\n<meta property=\"og:locale\" content=\"es_ES\" \/>\n<meta property=\"og:type\" content=\"article\" \/>\n<meta property=\"og:title\" content=\"Contacto - Vulcanitzats Loype\" \/>\n<meta property=\"og:url\" content=\"https:\/\/vulcanizadosloype.com\/es\/contacto\/\" \/>\n<meta property=\"og:site_name\" content=\"Vulcanitzats Loype\" \/>\n<meta property=\"article:publisher\" content=\"https:\/\/www.facebook.com\/profile.php?id=100054406381185\" \/>\n<meta property=\"article:modified_time\" content=\"2026-03-02T09:37:58+00:00\" \/>\n<meta name=\"twitter:card\" content=\"summary_large_image\" \/>\n<meta name=\"twitter:label1\" content=\"Tiempo de lectura\" \/>\n\t<meta name=\"twitter:data1\" content=\"4 minutos\" \/>\n<script type=\"application\/ld+json\" class=\"yoast-schema-graph\">{\"@context\":\"https:\/\/schema.org\",\"@graph\":[{\"@type\":\"WebPage\",\"@id\":\"https:\/\/vulcanizadosloype.com\/es\/contacto\/\",\"url\":\"https:\/\/vulcanizadosloype.com\/es\/contacto\/\",\"name\":\"Contacto - Vulcanitzats Loype\",\"isPartOf\":{\"@id\":\"https:\/\/vulcanizadosloype.com\/#website\"},\"datePublished\":\"2023-09-18T04:54:09+00:00\",\"dateModified\":\"2026-03-02T09:37:58+00:00\",\"breadcrumb\":{\"@id\":\"https:\/\/vulcanizadosloype.com\/es\/contacto\/#breadcrumb\"},\"inLanguage\":\"es\",\"potentialAction\":[{\"@type\":\"ReadAction\",\"target\":[\"https:\/\/vulcanizadosloype.com\/es\/contacto\/\"]}]},{\"@type\":\"BreadcrumbList\",\"@id\":\"https:\/\/vulcanizadosloype.com\/es\/contacto\/#breadcrumb\",\"itemListElement\":[{\"@type\":\"ListItem\",\"position\":1,\"name\":\"Inici\",\"item\":\"https:\/\/vulcanizadosloype.com\/es\/\"},{\"@type\":\"ListItem\",\"position\":2,\"name\":\"Contacto\"}]},{\"@type\":\"WebSite\",\"@id\":\"https:\/\/vulcanizadosloype.com\/#website\",\"url\":\"https:\/\/vulcanizadosloype.com\/\",\"name\":\"Vulcanitzats Loype\",\"description\":\"Empresa familiar amb m\u00e9s de 40 anys d&#039;experi\u00e8ncia en vulcanitzaci\u00f3 i muntatge de BANDES TRANSPORTADORES.\",\"publisher\":{\"@id\":\"https:\/\/vulcanizadosloype.com\/#organization\"},\"potentialAction\":[{\"@type\":\"SearchAction\",\"target\":{\"@type\":\"EntryPoint\",\"urlTemplate\":\"https:\/\/vulcanizadosloype.com\/?s={search_term_string}\"},\"query-input\":\"required name=search_term_string\"}],\"inLanguage\":\"es\"},{\"@type\":\"Organization\",\"@id\":\"https:\/\/vulcanizadosloype.com\/#organization\",\"name\":\"Vulcanitzats Loype\",\"url\":\"https:\/\/vulcanizadosloype.com\/\",\"logo\":{\"@type\":\"ImageObject\",\"inLanguage\":\"es\",\"@id\":\"https:\/\/vulcanizadosloype.com\/#\/schema\/logo\/image\/\",\"url\":\"https:\/\/vulcanizadosloype.com\/wp-content\/uploads\/2023\/05\/logo-loype.png\",\"contentUrl\":\"https:\/\/vulcanizadosloype.com\/wp-content\/uploads\/2023\/05\/logo-loype.png\",\"width\":708,\"height\":354,\"caption\":\"Vulcanitzats Loype\"},\"image\":{\"@id\":\"https:\/\/vulcanizadosloype.com\/#\/schema\/logo\/image\/\"},\"sameAs\":[\"https:\/\/www.facebook.com\/profile.php?id=100054406381185\",\"https:\/\/www.instagram.com\/vulcanizadosloype\/\",\"https:\/\/www.linkedin.com\/company\/vulcanizados-loype\/about\/\"]}]}<\/script>\n<!-- \/ Yoast SEO plugin. -->","yoast_head_json":{"title":"Contacto - Vulcanitzats Loype","robots":{"index":"index","follow":"follow","max-snippet":"max-snippet:-1","max-image-preview":"max-image-preview:large","max-video-preview":"max-video-preview:-1"},"canonical":"https:\/\/vulcanizadosloype.com\/es\/contacto\/","og_locale":"es_ES","og_type":"article","og_title":"Contacto - Vulcanitzats Loype","og_url":"https:\/\/vulcanizadosloype.com\/es\/contacto\/","og_site_name":"Vulcanitzats Loype","article_publisher":"https:\/\/www.facebook.com\/profile.php?id=100054406381185","article_modified_time":"2026-03-02T09:37:58+00:00","twitter_card":"summary_large_image","twitter_misc":{"Tiempo de lectura":"4 minutos"},"schema":{"@context":"https:\/\/schema.org","@graph":[{"@type":"WebPage","@id":"https:\/\/vulcanizadosloype.com\/es\/contacto\/","url":"https:\/\/vulcanizadosloype.com\/es\/contacto\/","name":"Contacto - Vulcanitzats Loype","isPartOf":{"@id":"https:\/\/vulcanizadosloype.com\/#website"},"datePublished":"2023-09-18T04:54:09+00:00","dateModified":"2026-03-02T09:37:58+00:00","breadcrumb":{"@id":"https:\/\/vulcanizadosloype.com\/es\/contacto\/#breadcrumb"},"inLanguage":"es","potentialAction":[{"@type":"ReadAction","target":["https:\/\/vulcanizadosloype.com\/es\/contacto\/"]}]},{"@type":"BreadcrumbList","@id":"https:\/\/vulcanizadosloype.com\/es\/contacto\/#breadcrumb","itemListElement":[{"@type":"ListItem","position":1,"name":"Inici","item":"https:\/\/vulcanizadosloype.com\/es\/"},{"@type":"ListItem","position":2,"name":"Contacto"}]},{"@type":"WebSite","@id":"https:\/\/vulcanizadosloype.com\/#website","url":"https:\/\/vulcanizadosloype.com\/","name":"Vulcanitzats Loype","description":"Empresa familiar amb m\u00e9s de 40 anys d&#039;experi\u00e8ncia en vulcanitzaci\u00f3 i muntatge de BANDES TRANSPORTADORES.","publisher":{"@id":"https:\/\/vulcanizadosloype.com\/#organization"},"potentialAction":[{"@type":"SearchAction","target":{"@type":"EntryPoint","urlTemplate":"https:\/\/vulcanizadosloype.com\/?s={search_term_string}"},"query-input":"required name=search_term_string"}],"inLanguage":"es"},{"@type":"Organization","@id":"https:\/\/vulcanizadosloype.com\/#organization","name":"Vulcanitzats Loype","url":"https:\/\/vulcanizadosloype.com\/","logo":{"@type":"ImageObject","inLanguage":"es","@id":"https:\/\/vulcanizadosloype.com\/#\/schema\/logo\/image\/","url":"https:\/\/vulcanizadosloype.com\/wp-content\/uploads\/2023\/05\/logo-loype.png","contentUrl":"https:\/\/vulcanizadosloype.com\/wp-content\/uploads\/2023\/05\/logo-loype.png","width":708,"height":354,"caption":"Vulcanitzats Loype"},"image":{"@id":"https:\/\/vulcanizadosloype.com\/#\/schema\/logo\/image\/"},"sameAs":["https:\/\/www.facebook.com\/profile.php?id=100054406381185","https:\/\/www.instagram.com\/vulcanizadosloype\/","https:\/\/www.linkedin.com\/company\/vulcanizados-loype\/about\/"]}]}},"_links":{"self":[{"href":"https:\/\/vulcanizadosloype.com\/es\/wp-json\/wp\/v2\/pages\/2962","targetHints":{"allow":["GET"]}}],"collection":[{"href":"https:\/\/vulcanizadosloype.com\/es\/wp-json\/wp\/v2\/pages"}],"about":[{"href":"https:\/\/vulcanizadosloype.com\/es\/wp-json\/wp\/v2\/types\/page"}],"author":[{"embeddable":true,"href":"https:\/\/vulcanizadosloype.com\/es\/wp-json\/wp\/v2\/users\/1"}],"replies":[{"embeddable":true,"href":"https:\/\/vulcanizadosloype.com\/es\/wp-json\/wp\/v2\/comments?post=2962"}],"version-history":[{"count":18,"href":"https:\/\/vulcanizadosloype.com\/es\/wp-json\/wp\/v2\/pages\/2962\/revisions"}],"predecessor-version":[{"id":4408,"href":"https:\/\/vulcanizadosloype.com\/es\/wp-json\/wp\/v2\/pages\/2962\/revisions\/4408"}],"wp:attachment":[{"href":"https:\/\/vulcanizadosloype.com\/es\/wp-json\/wp\/v2\/media?parent=2962"}],"curies":[{"name":"wp","href":"https:\/\/api.w.org\/{rel}","templated":true}]}}